{"id":277,"date":"2023-01-13T00:29:58","date_gmt":"2023-01-13T00:29:58","guid":{"rendered":"https:\/\/psysolaboral.com\/?page_id=277"},"modified":"2023-01-16T14:13:13","modified_gmt":"2023-01-16T14:13:13","slug":"entradas","status":"publish","type":"page","link":"https:\/\/psysolaboral.com\/index.php\/entradas\/","title":{"rendered":"Blog"},"content":{"rendered":"\t\t<div data-elementor-type=\"wp-page\" data-elementor-id=\"277\" class=\"elementor elementor-277\">\n\t\t\t\t\t\t\t\t\t<section class=\"elementor-section elementor-top-section elementor-element elementor-element-a17111e elementor-section-boxed elementor-section-height-default elementor-section-height-default\" data-id=\"a17111e\" data-element_type=\"section\">\n\t\t\t\t\t\t<div class=\"elementor-container elementor-column-gap-default\">\n\t\t\t\t\t<div class=\"elementor-column elementor-col-16 elementor-top-column elementor-element elementor-element-6fe60af\" data-id=\"6fe60af\" data-element_type=\"column\">\n\t\t\t<div class=\"elementor-widget-wrap\">\n\t\t\t\t\t\t\t\t\t<\/div>\n\t\t<\/div>\n\t\t\t\t<div class=\"elementor-column elementor-col-66 elementor-top-column elementor-element elementor-element-889b8c0\" data-id=\"889b8c0\" data-element_type=\"column\">\n\t\t\t<div class=\"elementor-widget-wrap elementor-element-populated\">\n\t\t\t\t\t\t\t\t<div class=\"elementor-element elementor-element-4c52b53 elementor-widget elementor-widget-heading\" data-id=\"4c52b53\" data-element_type=\"widget\" data-widget_type=\"heading.default\">\n\t\t\t\t<div class=\"elementor-widget-container\">\n\t\t\t<style>\/*! elementor - v3.9.2 - 21-12-2022 *\/\n.elementor-heading-title{padding:0;margin:0;line-height:1}.elementor-widget-heading .elementor-heading-title[class*=elementor-size-]>a{color:inherit;font-size:inherit;line-height:inherit}.elementor-widget-heading .elementor-heading-title.elementor-size-small{font-size:15px}.elementor-widget-heading .elementor-heading-title.elementor-size-medium{font-size:19px}.elementor-widget-heading .elementor-heading-title.elementor-size-large{font-size:29px}.elementor-widget-heading .elementor-heading-title.elementor-size-xl{font-size:39px}.elementor-widget-heading .elementor-heading-title.elementor-size-xxl{font-size:59px}<\/style><h3 class=\"elementor-heading-title elementor-size-default\">Blog de Salud Ocupacional<\/h3>\t\t<\/div>\n\t\t\t\t<\/div>\n\t\t\t\t\t<\/div>\n\t\t<\/div>\n\t\t\t\t<div class=\"elementor-column elementor-col-16 elementor-top-column elementor-element elementor-element-394e78a\" data-id=\"394e78a\" data-element_type=\"column\">\n\t\t\t<div class=\"elementor-widget-wrap\">\n\t\t\t\t\t\t\t\t\t<\/div>\n\t\t<\/div>\n\t\t\t\t\t\t\t<\/div>\n\t\t<\/section>\n\t\t\t\t<section class=\"elementor-section elementor-top-section elementor-element elementor-element-91248a0 elementor-section-boxed elementor-section-height-default elementor-section-height-default\" data-id=\"91248a0\" data-element_type=\"section\">\n\t\t\t\t\t\t<div class=\"elementor-container elementor-column-gap-default\">\n\t\t\t\t\t<div class=\"elementor-column elementor-col-16 elementor-top-column elementor-element elementor-element-325d41d\" data-id=\"325d41d\" data-element_type=\"column\">\n\t\t\t<div class=\"elementor-widget-wrap\">\n\t\t\t\t\t\t\t\t\t<\/div>\n\t\t<\/div>\n\t\t\t\t<div class=\"elementor-column elementor-col-66 elementor-top-column elementor-element elementor-element-f1aed3a\" data-id=\"f1aed3a\" data-element_type=\"column\">\n\t\t\t<div class=\"elementor-widget-wrap elementor-element-populated\">\n\t\t\t\t\t\t\t\t<div class=\"elementor-element elementor-element-313ec05 elementor-widget elementor-widget-spacer\" data-id=\"313ec05\" data-element_type=\"widget\" data-widget_type=\"spacer.default\">\n\t\t\t\t<div class=\"elementor-widget-container\">\n\t\t\t<style>\/*! elementor - v3.9.2 - 21-12-2022 *\/\n.elementor-column .elementor-spacer-inner{height:var(--spacer-size)}.e-con{--container-widget-width:100%}.e-con-inner>.elementor-widget-spacer,.e-con>.elementor-widget-spacer{width:var(--container-widget-width,var(--spacer-size));--align-self:var(--container-widget-align-self,initial);--flex-shrink:0}.e-con-inner>.elementor-widget-spacer>.elementor-widget-container,.e-con-inner>.elementor-widget-spacer>.elementor-widget-container>.elementor-spacer,.e-con>.elementor-widget-spacer>.elementor-widget-container,.e-con>.elementor-widget-spacer>.elementor-widget-container>.elementor-spacer{height:100%}.e-con-inner>.elementor-widget-spacer>.elementor-widget-container>.elementor-spacer>.elementor-spacer-inner,.e-con>.elementor-widget-spacer>.elementor-widget-container>.elementor-spacer>.elementor-spacer-inner{height:var(--container-widget-height,var(--spacer-size))}<\/style>\t\t<div class=\"elementor-spacer\">\n\t\t\t<div class=\"elementor-spacer-inner\"><\/div>\n\t\t<\/div>\n\t\t\t\t<\/div>\n\t\t\t\t<\/div>\n\t\t\t\t<div class=\"elementor-element elementor-element-d5eba4d elementor-grid-1 elementor-grid-tablet-2 elementor-grid-mobile-1 elementor-posts--thumbnail-top elementor-widget elementor-widget-posts\" data-id=\"d5eba4d\" data-element_type=\"widget\" data-settings=\"{&quot;classic_columns&quot;:&quot;1&quot;,&quot;pagination_type&quot;:&quot;numbers_and_prev_next&quot;,&quot;classic_columns_tablet&quot;:&quot;2&quot;,&quot;classic_columns_mobile&quot;:&quot;1&quot;,&quot;classic_row_gap&quot;:{&quot;unit&quot;:&quot;px&quot;,&quot;size&quot;:35,&quot;sizes&quot;:[]},&quot;classic_row_gap_tablet&quot;:{&quot;unit&quot;:&quot;px&quot;,&quot;size&quot;:&quot;&quot;,&quot;sizes&quot;:[]},&quot;classic_row_gap_mobile&quot;:{&quot;unit&quot;:&quot;px&quot;,&quot;size&quot;:&quot;&quot;,&quot;sizes&quot;:[]}}\" data-widget_type=\"posts.classic\">\n\t\t\t\t<div class=\"elementor-widget-container\">\n\t\t\t<link rel=\"stylesheet\" href=\"https:\/\/psysolaboral.com\/wp-content\/plugins\/pro-elements\/assets\/css\/widget-posts.min.css\">\t\t<div class=\"elementor-posts-container elementor-posts elementor-posts--skin-classic elementor-grid\">\n\t\t\t\t<article class=\"elementor-post elementor-grid-item post-247 post type-post status-publish format-standard has-post-thumbnail hentry category-sin-categoria\">\n\t\t\t\t<a class=\"elementor-post__thumbnail__link\" href=\"https:\/\/psysolaboral.com\/index.php\/2023\/01\/12\/como-usar-correctamente-el-bloqueador-solar\/\" >\n\t\t\t<div class=\"elementor-post__thumbnail\"><img decoding=\"async\" width=\"954\" height=\"502\" src=\"https:\/\/psysolaboral.com\/wp-content\/uploads\/2023\/01\/Captura-de-pantalla-2023-01-12-122644.png\" class=\"attachment-large size-large wp-image-248\" alt=\"\" loading=\"lazy\" srcset=\"https:\/\/psysolaboral.com\/wp-content\/uploads\/2023\/01\/Captura-de-pantalla-2023-01-12-122644.png 954w, https:\/\/psysolaboral.com\/wp-content\/uploads\/2023\/01\/Captura-de-pantalla-2023-01-12-122644-300x158.png 300w, https:\/\/psysolaboral.com\/wp-content\/uploads\/2023\/01\/Captura-de-pantalla-2023-01-12-122644-768x404.png 768w\" sizes=\"(max-width: 954px) 100vw, 954px\" \/><\/div>\n\t\t<\/a>\n\t\t\t\t<div class=\"elementor-post__text\">\n\t\t\t\t<h3 class=\"elementor-post__title\">\n\t\t\t<a href=\"https:\/\/psysolaboral.com\/index.php\/2023\/01\/12\/como-usar-correctamente-el-bloqueador-solar\/\" >\n\t\t\t\tC\u00f3mo usar correctamente el bloqueador solar\t\t\t<\/a>\n\t\t<\/h3>\n\t\t\t\t<div class=\"elementor-post__excerpt\">\n\t\t\t<p>El uso correcto del bloqueador solar es esencial para proteger la piel de los da\u00f1inos rayos ultravioleta (UV) del sol. La exposici\u00f3n prolongada a los rayos UV puede causar enrojecimiento, quemaduras, manchas, arrugas y c\u00e1ncer de piel. El primer paso en el uso correcto del bloqueador solar es elegir un producto que tenga un factor<\/p>\n\t\t<\/div>\n\t\t\n\t\t<a class=\"elementor-post__read-more\" href=\"https:\/\/psysolaboral.com\/index.php\/2023\/01\/12\/como-usar-correctamente-el-bloqueador-solar\/\" >\n\t\t\tLeer m\u00e1s...\t\t<\/a>\n\n\t\t\t\t<\/div>\n\t\t\t\t<\/article>\n\t\t\t\t<article class=\"elementor-post elementor-grid-item post-243 post type-post status-publish format-standard has-post-thumbnail hentry category-sin-categoria tag-salud\">\n\t\t\t\t<a class=\"elementor-post__thumbnail__link\" href=\"https:\/\/psysolaboral.com\/index.php\/2023\/01\/12\/enfermedades-de-la-piel-a-causa-de-la-radiacion\/\" >\n\t\t\t<div class=\"elementor-post__thumbnail\"><img decoding=\"async\" width=\"1024\" height=\"576\" src=\"https:\/\/psysolaboral.com\/wp-content\/uploads\/2023\/01\/Hombre-joven-mojndose-la-cabeza-para-evitar-un-golpe-de-calor-1024x576.jpg\" class=\"attachment-large size-large wp-image-244\" alt=\"\" loading=\"lazy\" srcset=\"https:\/\/psysolaboral.com\/wp-content\/uploads\/2023\/01\/Hombre-joven-mojndose-la-cabeza-para-evitar-un-golpe-de-calor-1024x576.jpg 1024w, https:\/\/psysolaboral.com\/wp-content\/uploads\/2023\/01\/Hombre-joven-mojndose-la-cabeza-para-evitar-un-golpe-de-calor-300x169.jpg 300w, https:\/\/psysolaboral.com\/wp-content\/uploads\/2023\/01\/Hombre-joven-mojndose-la-cabeza-para-evitar-un-golpe-de-calor-768x432.jpg 768w, https:\/\/psysolaboral.com\/wp-content\/uploads\/2023\/01\/Hombre-joven-mojndose-la-cabeza-para-evitar-un-golpe-de-calor.jpg 1200w\" sizes=\"(max-width: 1024px) 100vw, 1024px\" \/><\/div>\n\t\t<\/a>\n\t\t\t\t<div class=\"elementor-post__text\">\n\t\t\t\t<h3 class=\"elementor-post__title\">\n\t\t\t<a href=\"https:\/\/psysolaboral.com\/index.php\/2023\/01\/12\/enfermedades-de-la-piel-a-causa-de-la-radiacion\/\" >\n\t\t\t\tEnfermedades de la piel a causa de la radiaci\u00f3n\t\t\t<\/a>\n\t\t<\/h3>\n\t\t\t\t<div class=\"elementor-post__excerpt\">\n\t\t\t<p>La radiaci\u00f3n solar es una de las principales causas de enfermedades de la piel. La exposici\u00f3n prolongada a los rayos ultravioleta (UV) puede causar una variedad de problemas de salud, como enrojecimiento, quemaduras solares, manchas, arrugas y c\u00e1ncer de piel. La radiaci\u00f3n UV es emitida por el sol y tambi\u00e9n por las l\u00e1mparas y cabinas<\/p>\n\t\t<\/div>\n\t\t\n\t\t<a class=\"elementor-post__read-more\" href=\"https:\/\/psysolaboral.com\/index.php\/2023\/01\/12\/enfermedades-de-la-piel-a-causa-de-la-radiacion\/\" >\n\t\t\tLeer m\u00e1s...\t\t<\/a>\n\n\t\t\t\t<\/div>\n\t\t\t\t<\/article>\n\t\t\t\t<article class=\"elementor-post elementor-grid-item post-241 post type-post status-publish format-standard has-post-thumbnail hentry category-sin-categoria tag-salud\">\n\t\t\t\t<a class=\"elementor-post__thumbnail__link\" href=\"https:\/\/psysolaboral.com\/index.php\/2023\/01\/12\/la-importancia-de-la-salud-ocupacional-en-las-empresas\/\" >\n\t\t\t<div class=\"elementor-post__thumbnail\"><img decoding=\"async\" width=\"960\" height=\"754\" src=\"https:\/\/psysolaboral.com\/wp-content\/uploads\/2023\/01\/WhatsApp-Image-2023-01-11-at-12.50.22-1.jpeg\" class=\"attachment-large size-large wp-image-108\" alt=\"\" loading=\"lazy\" srcset=\"https:\/\/psysolaboral.com\/wp-content\/uploads\/2023\/01\/WhatsApp-Image-2023-01-11-at-12.50.22-1.jpeg 960w, https:\/\/psysolaboral.com\/wp-content\/uploads\/2023\/01\/WhatsApp-Image-2023-01-11-at-12.50.22-1-300x236.jpeg 300w, https:\/\/psysolaboral.com\/wp-content\/uploads\/2023\/01\/WhatsApp-Image-2023-01-11-at-12.50.22-1-768x603.jpeg 768w\" sizes=\"(max-width: 960px) 100vw, 960px\" \/><\/div>\n\t\t<\/a>\n\t\t\t\t<div class=\"elementor-post__text\">\n\t\t\t\t<h3 class=\"elementor-post__title\">\n\t\t\t<a href=\"https:\/\/psysolaboral.com\/index.php\/2023\/01\/12\/la-importancia-de-la-salud-ocupacional-en-las-empresas\/\" >\n\t\t\t\tLa importancia de la salud ocupacional en las empresas\t\t\t<\/a>\n\t\t<\/h3>\n\t\t\t\t<div class=\"elementor-post__excerpt\">\n\t\t\t<p>La salud ocupacional es esencial para garantizar la seguridad y el bienestar de los trabajadores en el lugar de trabajo. Es responsabilidad de las empresas asegurar que sus empleados est\u00e9n trabajando en condiciones seguras y saludables. La salud ocupacional incluye una variedad de temas, como la prevenci\u00f3n de lesiones y enfermedades relacionadas con el trabajo,<\/p>\n\t\t<\/div>\n\t\t\n\t\t<a class=\"elementor-post__read-more\" href=\"https:\/\/psysolaboral.com\/index.php\/2023\/01\/12\/la-importancia-de-la-salud-ocupacional-en-las-empresas\/\" >\n\t\t\tLeer m\u00e1s...\t\t<\/a>\n\n\t\t\t\t<\/div>\n\t\t\t\t<\/article>\n\t\t\t\t<\/div>\n\t\t\n\t\t\t\t<\/div>\n\t\t\t\t<\/div>\n\t\t\t\t<div class=\"elementor-element elementor-element-c5b8f79 elementor-widget elementor-widget-spacer\" data-id=\"c5b8f79\" data-element_type=\"widget\" data-widget_type=\"spacer.default\">\n\t\t\t\t<div class=\"elementor-widget-container\">\n\t\t\t\t\t<div class=\"elementor-spacer\">\n\t\t\t<div class=\"elementor-spacer-inner\"><\/div>\n\t\t<\/div>\n\t\t\t\t<\/div>\n\t\t\t\t<\/div>\n\t\t\t\t\t<\/div>\n\t\t<\/div>\n\t\t\t\t<div class=\"elementor-column elementor-col-16 elementor-top-column elementor-element elementor-element-a059356\" data-id=\"a059356\" data-element_type=\"column\">\n\t\t\t<div class=\"elementor-widget-wrap\">\n\t\t\t\t\t\t\t\t\t<\/div>\n\t\t<\/div>\n\t\t\t\t\t\t\t<\/div>\n\t\t<\/section>\n\t\t\t\t\t\t\t<\/div>\n\t\t","protected":false},"excerpt":{"rendered":"<p>Blog de Salud Ocupacional<\/p>\n","protected":false},"author":1,"featured_media":0,"parent":0,"menu_order":0,"comment_status":"closed","ping_status":"closed","template":"","meta":{"site-sidebar-layout":"no-sidebar","site-content-layout":"page-builder","ast-global-header-display":"","ast-main-header-display":"","ast-hfb-above-header-display":"","ast-hfb-below-header-display":"","ast-hfb-mobile-header-display":"","site-post-title":"disabled","ast-breadcrumbs-content":"","ast-featured-img":"disabled","footer-sml-layout":"","theme-transparent-header-meta":"","adv-header-id-meta":"","stick-header-meta":"","header-above-stick-meta":"","header-main-stick-meta":"","header-below-stick-meta":""},"_links":{"self":[{"href":"https:\/\/psysolaboral.com\/index.php\/wp-json\/wp\/v2\/pages\/277"}],"collection":[{"href":"https:\/\/psysolaboral.com\/index.php\/wp-json\/wp\/v2\/pages"}],"about":[{"href":"https:\/\/psysolaboral.com\/index.php\/wp-json\/wp\/v2\/types\/page"}],"author":[{"embeddable":true,"href":"https:\/\/psysolaboral.com\/index.php\/wp-json\/wp\/v2\/users\/1"}],"replies":[{"embeddable":true,"href":"https:\/\/psysolaboral.com\/index.php\/wp-json\/wp\/v2\/comments?post=277"}],"version-history":[{"count":10,"href":"https:\/\/psysolaboral.com\/index.php\/wp-json\/wp\/v2\/pages\/277\/revisions"}],"predecessor-version":[{"id":294,"href":"https:\/\/psysolaboral.com\/index.php\/wp-json\/wp\/v2\/pages\/277\/revisions\/294"}],"wp:attachment":[{"href":"https:\/\/psysolaboral.com\/index.php\/wp-json\/wp\/v2\/media?parent=277"}],"curies":[{"name":"wp","href":"https:\/\/api.w.org\/{rel}","templated":true}]}}